{"id":6146,"date":"2023-07-30T12:41:08","date_gmt":"2023-07-30T12:41:08","guid":{"rendered":"https:\/\/www.holmenlofoten.no\/disclaimer\/"},"modified":"2023-07-30T12:41:08","modified_gmt":"2023-07-30T12:41:08","slug":"disclaimer","status":"publish","type":"page","link":"https:\/\/www.holmenlofoten.no\/nb\/disclaimer\/","title":{"rendered":"Ansvarsfraskrivelse"},"content":{"rendered":"<!-- Legal document generated by Complianz | GDPR\/CCPA Cookie Consent https:\/\/wordpress.org\/plugins\/complianz-gdpr -->\n<div id=\"cmplz-document\" class=\"cmplz-document disclaimer cmplz-document-all\"><p>Holmen Lofoten AS er forpliktet til \u00e5 holde dette nettstedet oppdatert og med korrekt informasjon. Skulle du likevel oppleve noe som ikke er korrekt eller utdatert, vil vi bli takknemlige dersom du varsler oss om dette. Vennligt oppgi hvor p\u00e5 nettstedet du fant dette. Vi vil da tak tak i dette snarest. Vennligst send din respons via e-post til: <span class=\"cmplz-obfuscate\">rece&#112;t&#105;&#111;&#110;@<span class=\"cmplz-fmail-domain\">e&#120;&#046;com<\/span>holme&#110;l&#111;fo&#116;&#101;&#110;.n&#111;<\/span>.<\/p><p>Vi er ikke ansvarlige for tap som f\u00f8lge av un\u00f8yaktigheter eller ufullstendighet, og heller ikke for tap som f\u00f8lge av problemer for\u00e5rsaket av eller forbundet med spredning av informasjon over Internett, for eksempel forstyrrelser eller avbrudd. Ved bruk av nettskjemaer tilstreber vi \u00e5 begrense antall obligatoriske felt til et minimum. For tap som f\u00f8lge av bruk av data, r\u00e5d eller ideer levert av eller p\u00e5 vegne av Holmen Lofoten AS via denne nettsiden,  Holmen Lofoten AS aksepteres intet ansvar.<\/p><p>Svar og personvernhenvendelser som sendes via e-post eller ved bruk av et nettskjema vil bli behandlet p\u00e5 samme m\u00e5te som brev. Dette betyr at du kan forvente svar fra oss senest innen 1 m\u00e5ned. Ved komplekse foresp\u00f8rsler vil vi gi deg beskjed innen 1 m\u00e5ned dersom vi trenger maksimalt 3 m\u00e5neder.<\/p><p>Eventuelle personlige data som du gir oss i sammenheng med din tilbakemelding eller foresp\u00f8rsel vil kun bli brukt i henhold til v\u00e5r personvernerkl\u00e6ring.<\/p><p>Holmen Lofoten AS skal gj\u00f8re alt for \u00e5 beskytte systemene mot enhver form for ulovlig bruk. Holmen Lofoten AS skal iverksette egnede tekniske og organisatoriske tiltak for dette form\u00e5l, idet det blant annet tas hensyn til den nyeste teknikken. Det skal imidlertid ikke holdes ansvarlig for noe tap, direkte og \/ eller indirekte, p\u00e5f\u00f8rt en bruker av nettstedet, som oppst\u00e5r som et resultat av ulovlig bruk av systemene fra en tredjepart.<\/p><p>Holmen Lofoten AS tar ikke ansvar for innhold fra nettsteder der en hyperlink eller annen referanse er gjort. Betingelser og forhold rundt Produkter og tjenester tilbudt av tredjeparts-akt\u00f8rer er utelukkende den aktuelle tredjeparts-akt\u00f8rens ansvar.<\/p><p>Alle immaterielle rettigheter til innhold p\u00e5 dette nettstedet er innhentet Holmen Lofoten AS.<\/p><p>Kopiering, spredning eller en hvilken som helst annen bruk av materiale er ikke tillatt uten skriftlig tillatelse fra Holmen Lofoten AS, unntatt, og bare i det omfang som ellers er fastsatt ved bestemmelser i lov og forskrifter (slik som retten til \u00e5 sitere), med mindre det aktuelle innholdet har bestemmelser om noe annet.<\/p><p>Dersom du har sp\u00f8rsm\u00e5l eller problemer med tilgjengeligheten p\u00e5 dette nettstedet, vennligst kontakt oss.<\/p><\/div>","protected":false},"excerpt":{"rendered":"","protected":false},"author":2,"featured_media":0,"parent":0,"menu_order":0,"comment_status":"closed","ping_status":"closed","template":"","meta":{"_acf_changed":false,"inline_featured_image":false,"footnotes":""},"class_list":["post-6146","page","type-page","status-publish","hentry"],"acf":[],"yoast_head":"<!-- This site is optimized with the Yoast SEO plugin v26.9 - https:\/\/yoast.com\/product\/yoast-seo-wordpress\/ -->\n<title>Disclaimer - Holmen Lofoten<\/title>\n<meta name=\"robots\" content=\"index, follow, max-snippet:-1, max-image-preview:large, max-video-preview:-1\" \/>\n<link rel=\"canonical\" href=\"https:\/\/www.holmenlofoten.no\/nb\/disclaimer\/\" \/>\n<meta property=\"og:locale\" content=\"nb_NO\" \/>\n<meta property=\"og:type\" content=\"article\" \/>\n<meta property=\"og:title\" content=\"Disclaimer - Holmen Lofoten\" \/>\n<meta property=\"og:url\" content=\"https:\/\/www.holmenlofoten.no\/nb\/disclaimer\/\" \/>\n<meta property=\"og:site_name\" content=\"Holmen Lofoten\" \/>\n<meta name=\"twitter:card\" content=\"summary_large_image\" \/>\n<script type=\"application\/ld+json\" class=\"yoast-schema-graph\">{\"@context\":\"https:\/\/schema.org\",\"@graph\":[{\"@type\":\"WebPage\",\"@id\":\"https:\/\/www.holmenlofoten.no\/disclaimer\/\",\"url\":\"https:\/\/www.holmenlofoten.no\/disclaimer\/\",\"name\":\"Disclaimer - Holmen Lofoten\",\"isPartOf\":{\"@id\":\"https:\/\/www.holmenlofoten.no\/#website\"},\"datePublished\":\"2023-07-30T12:41:08+00:00\",\"breadcrumb\":{\"@id\":\"https:\/\/www.holmenlofoten.no\/disclaimer\/#breadcrumb\"},\"inLanguage\":\"nb-NO\",\"potentialAction\":[{\"@type\":\"ReadAction\",\"target\":[\"https:\/\/www.holmenlofoten.no\/disclaimer\/\"]}]},{\"@type\":\"BreadcrumbList\",\"@id\":\"https:\/\/www.holmenlofoten.no\/disclaimer\/#breadcrumb\",\"itemListElement\":[{\"@type\":\"ListItem\",\"position\":1,\"name\":\"Home\",\"item\":\"https:\/\/www.holmenlofoten.no\/\"},{\"@type\":\"ListItem\",\"position\":2,\"name\":\"Disclaimer\"}]},{\"@type\":\"WebSite\",\"@id\":\"https:\/\/www.holmenlofoten.no\/#website\",\"url\":\"https:\/\/www.holmenlofoten.no\/\",\"name\":\"Holmen Lofoten\",\"description\":\"\",\"publisher\":{\"@id\":\"https:\/\/www.holmenlofoten.no\/#organization\"},\"potentialAction\":[{\"@type\":\"SearchAction\",\"target\":{\"@type\":\"EntryPoint\",\"urlTemplate\":\"https:\/\/www.holmenlofoten.no\/?s={search_term_string}\"},\"query-input\":{\"@type\":\"PropertyValueSpecification\",\"valueRequired\":true,\"valueName\":\"search_term_string\"}}],\"inLanguage\":\"nb-NO\"},{\"@type\":\"Organization\",\"@id\":\"https:\/\/www.holmenlofoten.no\/#organization\",\"name\":\"Holmen Lofoten\",\"url\":\"https:\/\/www.holmenlofoten.no\/\",\"logo\":{\"@type\":\"ImageObject\",\"inLanguage\":\"nb-NO\",\"@id\":\"https:\/\/www.holmenlofoten.no\/#\/schema\/logo\/image\/\",\"url\":\"https:\/\/www.holmenlofoten.no\/wp-content\/uploads\/2020\/02\/holmen-lofoten-logo.svg\",\"contentUrl\":\"https:\/\/www.holmenlofoten.no\/wp-content\/uploads\/2020\/02\/holmen-lofoten-logo.svg\",\"width\":300,\"height\":40,\"caption\":\"Holmen Lofoten\"},\"image\":{\"@id\":\"https:\/\/www.holmenlofoten.no\/#\/schema\/logo\/image\/\"}}]}<\/script>\n<!-- \/ Yoast SEO plugin. -->","yoast_head_json":{"title":"Disclaimer - Holmen Lofoten","robots":{"index":"index","follow":"follow","max-snippet":"max-snippet:-1","max-image-preview":"max-image-preview:large","max-video-preview":"max-video-preview:-1"},"canonical":"https:\/\/www.holmenlofoten.no\/nb\/disclaimer\/","og_locale":"nb_NO","og_type":"article","og_title":"Disclaimer - Holmen Lofoten","og_url":"https:\/\/www.holmenlofoten.no\/nb\/disclaimer\/","og_site_name":"Holmen Lofoten","twitter_card":"summary_large_image","schema":{"@context":"https:\/\/schema.org","@graph":[{"@type":"WebPage","@id":"https:\/\/www.holmenlofoten.no\/disclaimer\/","url":"https:\/\/www.holmenlofoten.no\/disclaimer\/","name":"Disclaimer - Holmen Lofoten","isPartOf":{"@id":"https:\/\/www.holmenlofoten.no\/#website"},"datePublished":"2023-07-30T12:41:08+00:00","breadcrumb":{"@id":"https:\/\/www.holmenlofoten.no\/disclaimer\/#breadcrumb"},"inLanguage":"nb-NO","potentialAction":[{"@type":"ReadAction","target":["https:\/\/www.holmenlofoten.no\/disclaimer\/"]}]},{"@type":"BreadcrumbList","@id":"https:\/\/www.holmenlofoten.no\/disclaimer\/#breadcrumb","itemListElement":[{"@type":"ListItem","position":1,"name":"Home","item":"https:\/\/www.holmenlofoten.no\/"},{"@type":"ListItem","position":2,"name":"Disclaimer"}]},{"@type":"WebSite","@id":"https:\/\/www.holmenlofoten.no\/#website","url":"https:\/\/www.holmenlofoten.no\/","name":"Holmen Lofoten","description":"","publisher":{"@id":"https:\/\/www.holmenlofoten.no\/#organization"},"potentialAction":[{"@type":"SearchAction","target":{"@type":"EntryPoint","urlTemplate":"https:\/\/www.holmenlofoten.no\/?s={search_term_string}"},"query-input":{"@type":"PropertyValueSpecification","valueRequired":true,"valueName":"search_term_string"}}],"inLanguage":"nb-NO"},{"@type":"Organization","@id":"https:\/\/www.holmenlofoten.no\/#organization","name":"Holmen Lofoten","url":"https:\/\/www.holmenlofoten.no\/","logo":{"@type":"ImageObject","inLanguage":"nb-NO","@id":"https:\/\/www.holmenlofoten.no\/#\/schema\/logo\/image\/","url":"https:\/\/www.holmenlofoten.no\/wp-content\/uploads\/2020\/02\/holmen-lofoten-logo.svg","contentUrl":"https:\/\/www.holmenlofoten.no\/wp-content\/uploads\/2020\/02\/holmen-lofoten-logo.svg","width":300,"height":40,"caption":"Holmen Lofoten"},"image":{"@id":"https:\/\/www.holmenlofoten.no\/#\/schema\/logo\/image\/"}}]}},"_links":{"self":[{"href":"https:\/\/www.holmenlofoten.no\/nb\/wp-json\/wp\/v2\/pages\/6146","targetHints":{"allow":["GET"]}}],"collection":[{"href":"https:\/\/www.holmenlofoten.no\/nb\/wp-json\/wp\/v2\/pages"}],"about":[{"href":"https:\/\/www.holmenlofoten.no\/nb\/wp-json\/wp\/v2\/types\/page"}],"author":[{"embeddable":true,"href":"https:\/\/www.holmenlofoten.no\/nb\/wp-json\/wp\/v2\/users\/2"}],"replies":[{"embeddable":true,"href":"https:\/\/www.holmenlofoten.no\/nb\/wp-json\/wp\/v2\/comments?post=6146"}],"version-history":[{"count":0,"href":"https:\/\/www.holmenlofoten.no\/nb\/wp-json\/wp\/v2\/pages\/6146\/revisions"}],"wp:attachment":[{"href":"https:\/\/www.holmenlofoten.no\/nb\/wp-json\/wp\/v2\/media?parent=6146"}],"curies":[{"name":"wp","href":"https:\/\/api.w.org\/{rel}","templated":true}]}}